{"id":7660,"date":"2022-11-21T10:13:17","date_gmt":"2022-11-21T10:13:17","guid":{"rendered":"https:\/\/www.bdcg.cz\/contact\/"},"modified":"2023-12-30T20:42:12","modified_gmt":"2023-12-30T20:42:12","slug":"contact","status":"publish","type":"page","link":"https:\/\/www.bdcg.cz\/en\/contact\/","title":{"rendered":"Contact"},"content":{"rendered":"\t\t<div data-elementor-type=\"wp-page\" data-elementor-id=\"7660\" class=\"elementor elementor-7660 elementor-37\" data-elementor-post-type=\"page\">\n\t\t\t\t\t\t<section class=\"elementor-section elementor-top-section elementor-element elementor-element-26ac738 elementor-section-stretched elementor-section-content-middle elementor-section-boxed elementor-section-height-default elementor-section-height-default\" data-id=\"26ac738\" data-element_type=\"section\" data-settings=\"{&quot;stretch_section&quot;:&quot;section-stretched&quot;,&quot;background_background&quot;:&quot;classic&quot;}\">\n\t\t\t\t\t\t<div class=\"elementor-container elementor-column-gap-extended\">\n\t\t\t\t\t<div class=\"elementor-column elementor-col-50 elementor-top-column elementor-element elementor-element-8ab7ad2 elementor-invisible\" data-id=\"8ab7ad2\" data-element_type=\"column\" data-settings=\"{&quot;animation&quot;:&quot;slide-up&quot;,&quot;animation_delay&quot;:500}\">\n\t\t\t<div class=\"elementor-widget-wrap elementor-element-populated\">\n\t\t\t\t\t\t<div class=\"elementor-element elementor-element-5b31a74 elementor-widget elementor-widget-image\" data-id=\"5b31a74\" data-element_type=\"widget\" data-widget_type=\"image.default\">\n\t\t\t\t<div class=\"elementor-widget-container\">\n\t\t\t<style>\/*! elementor - v3.23.0 - 25-07-2024 *\/\n.elementor-widget-image{text-align:center}.elementor-widget-image a{display:inline-block}.elementor-widget-image a img[src$=\".svg\"]{width:48px}.elementor-widget-image img{vertical-align:middle;display:inline-block}<\/style>\t\t\t\t\t\t\t\t\t\t<img decoding=\"async\" width=\"243\" height=\"64\" src=\"https:\/\/www.bdcg.cz\/wp-content\/uploads\/2023\/05\/Logo_BDCG.svg\" class=\"attachment-full size-full wp-image-5805\" alt=\"\" \/>\t\t\t\t\t\t\t\t\t\t\t\t\t<\/div>\n\t\t\t\t<\/div>\n\t\t\t\t<div class=\"elementor-element elementor-element-0a74be8 elementor-widget__width-inherit elementor-align-left elementor-invisible elementor-widget elementor-widget-button\" data-id=\"0a74be8\" data-element_type=\"widget\" data-settings=\"{&quot;_animation&quot;:&quot;slide-left&quot;,&quot;_animation_delay&quot;:350}\" data-widget_type=\"button.default\">\n\t\t\t\t<div class=\"elementor-widget-container\">\n\t\t\t\t\t<div class=\"elementor-button-wrapper\">\n\t\t\t<a class=\"elementor-button elementor-button-link elementor-size-md\" href=\"\">\n\t\t\t\t\t\t<span class=\"elementor-button-content-wrapper\">\n\t\t\t\t\t\t<span class=\"elementor-button-icon\">\n\t\t\t\t<svg xmlns=\"http:\/\/www.w3.org\/2000\/svg\" width=\"16\" height=\"17\" viewBox=\"0 0 16 17\" fill=\"currentColor\"><path d=\"M15.35 10.5099L13.93 9.0899C13.6249 8.79862 13.2193 8.63609 12.7975 8.63609C12.3757 8.63609 11.9701 8.79862 11.665 9.0899L11.165 9.5899C10.8258 9.9279 10.3664 10.1177 9.88752 10.1177C9.40864 10.1177 8.94927 9.9279 8.61002 9.5899C8.22502 9.2049 7.98002 8.9449 7.73502 8.6899C7.49002 8.4349 7.23502 8.1599 6.83502 7.7649C6.49733 7.42651 6.30768 6.96797 6.30768 6.4899C6.30768 6.01184 6.49733 5.5533 6.83502 5.2149L7.33502 4.7149C7.48413 4.56693 7.60243 4.39089 7.6831 4.19693C7.76377 4.00298 7.80521 3.79496 7.80502 3.5849C7.80321 3.16105 7.63433 2.75502 7.33502 2.4549L5.91502 1.0249C5.51388 0.625479 4.97111 0.400822 4.40502 0.399902C4.12618 0.400313 3.85016 0.455729 3.59276 0.562977C3.33537 0.670225 3.10166 0.827196 2.90502 1.0249L1.55002 2.3699C0.573589 3.3477 0.0251465 4.67305 0.0251465 6.0549C0.0251465 7.43675 0.573589 8.76211 1.55002 9.7399C2.33002 10.5199 3.22002 11.3999 4.10502 12.3199C4.99002 13.2399 5.86002 14.0999 6.63502 14.8999C7.61261 15.8748 8.9369 16.4223 10.3175 16.4223C11.6982 16.4223 13.0224 15.8748 14 14.8999L15.35 13.5499C15.747 13.1512 15.9715 12.6125 15.975 12.0499C15.98 11.7643 15.9271 11.4807 15.8197 11.2161C15.7123 10.9515 15.5526 10.7113 15.35 10.5099ZM14.595 12.7749L14.45 12.8999L13 11.4449C12.9517 11.3899 12.8927 11.3454 12.8265 11.3141C12.7604 11.2828 12.6885 11.2654 12.6153 11.2631C12.5422 11.2607 12.4693 11.2733 12.4012 11.3002C12.3332 11.3271 12.2714 11.3677 12.2196 11.4195C12.1678 11.4712 12.1273 11.5331 12.1004 11.6011C12.0735 11.6692 12.0608 11.742 12.0632 11.8152C12.0656 11.8884 12.0829 11.9602 12.1142 12.0264C12.1455 12.0926 12.19 12.1516 12.245 12.1999L13.72 13.6749L13.27 14.1249C12.4921 14.9004 11.4385 15.3359 10.34 15.3359C9.24158 15.3359 8.18793 14.9004 7.41002 14.1249C6.64002 13.3549 5.76502 12.4649 4.91002 11.5749C4.05502 10.6849 3.13002 9.7699 2.35002 8.9899C1.57449 8.21199 1.139 7.15835 1.139 6.0599C1.139 4.96145 1.57449 3.90781 2.35002 3.1299L2.80002 2.6799L4.22502 4.1499C4.32448 4.25267 4.46069 4.31173 4.60369 4.31407C4.74668 4.31642 4.88475 4.26186 4.98752 4.1624C5.0903 4.06295 5.14935 3.92674 5.15169 3.78374C5.15404 3.64074 5.09948 3.50267 5.00002 3.3999L3.50002 1.8999L3.64502 1.7549C3.74356 1.65477 3.8611 1.57533 3.99075 1.52124C4.1204 1.46715 4.25954 1.4395 4.40002 1.4399C4.68348 1.44075 4.95502 1.55404 5.15502 1.7549L6.58002 3.1999C6.67893 3.2997 6.7346 3.4344 6.73502 3.5749C6.73509 3.64453 6.72143 3.71348 6.69483 3.77782C6.66824 3.84217 6.62922 3.90064 6.58002 3.9499L6.08002 4.4499C5.54265 4.98883 5.24088 5.71884 5.24088 6.4799C5.24088 7.24096 5.54265 7.97097 6.08002 8.5099C6.50002 8.8999 6.73002 9.1449 7.00002 9.3999C7.27002 9.6549 7.50002 9.9299 7.89502 10.3199C8.43395 10.8573 9.16396 11.159 9.92502 11.159C10.6861 11.159 11.4161 10.8573 11.955 10.3199L12.455 9.8199C12.5571 9.72356 12.6922 9.66989 12.8325 9.66989C12.9729 9.66989 13.1079 9.72356 13.21 9.8199L14.63 11.2399C14.7299 11.3386 14.8092 11.4562 14.8633 11.5858C14.9174 11.7154 14.9452 11.8545 14.945 11.9949C14.9425 12.1411 14.9101 12.2852 14.8499 12.4185C14.7897 12.5517 14.703 12.6713 14.595 12.7699V12.7749Z\" fill=\"currentColor\"><\/path><\/svg>\t\t\t<\/span>\n\t\t\t\t\t\t\t\t\t<span class=\"elementor-button-text\">+420 224 815 137<\/span>\n\t\t\t\t\t<\/span>\n\t\t\t\t\t<\/a>\n\t\t<\/div>\n\t\t\t\t<\/div>\n\t\t\t\t<\/div>\n\t\t\t\t<div class=\"elementor-element elementor-element-6bc6c9b elementor-widget__width-inherit elementor-invisible elementor-widget elementor-widget-button\" data-id=\"6bc6c9b\" data-element_type=\"widget\" data-settings=\"{&quot;_animation&quot;:&quot;slide-left&quot;,&quot;_animation_delay&quot;:350}\" data-widget_type=\"button.default\">\n\t\t\t\t<div class=\"elementor-widget-container\">\n\t\t\t\t\t<div class=\"elementor-button-wrapper\">\n\t\t\t<a class=\"elementor-button elementor-button-link elementor-size-md\" href=\"mailto:info@bdcg.cz\">\n\t\t\t\t\t\t<span class=\"elementor-button-content-wrapper\">\n\t\t\t\t\t\t<span class=\"elementor-button-icon\">\n\t\t\t\t<i aria-hidden=\"true\" class=\"fab fa-telegram-plane\"><\/i>\t\t\t<\/span>\n\t\t\t\t\t\t\t\t\t<span class=\"elementor-button-text\">info@bdcg.cz<\/span>\n\t\t\t\t\t<\/span>\n\t\t\t\t\t<\/a>\n\t\t<\/div>\n\t\t\t\t<\/div>\n\t\t\t\t<\/div>\n\t\t\t\t<div class=\"elementor-element elementor-element-9aa0a39 elementor-widget elementor-widget-heading\" data-id=\"9aa0a39\" data-element_type=\"widget\" data-widget_type=\"heading.default\">\n\t\t\t\t<div class=\"elementor-widget-container\">\n\t\t\t<style>\/*! elementor - v3.23.0 - 25-07-2024 *\/\n.elementor-heading-title{padding:0;margin:0;line-height:1}.elementor-widget-heading .elementor-heading-title[class*=elementor-size-]>a{color:inherit;font-size:inherit;line-height:inherit}.elementor-widget-heading .elementor-heading-title.elementor-size-small{font-size:15px}.elementor-widget-heading .elementor-heading-title.elementor-size-medium{font-size:19px}.elementor-widget-heading .elementor-heading-title.elementor-size-large{font-size:29px}.elementor-widget-heading .elementor-heading-title.elementor-size-xl{font-size:39px}.elementor-widget-heading .elementor-heading-title.elementor-size-xxl{font-size:59px}<\/style><h2 class=\"elementor-heading-title elementor-size-default\">BDCG, a.s.  <\/h2>\t\t<\/div>\n\t\t\t\t<\/div>\n\t\t\t\t<div class=\"elementor-element elementor-element-86b4e33 elementor-widget elementor-widget-text-editor\" data-id=\"86b4e33\" data-element_type=\"widget\" data-widget_type=\"text-editor.default\">\n\t\t\t\t<div class=\"elementor-widget-container\">\n\t\t\t<style>\/*! elementor - v3.23.0 - 25-07-2024 *\/\n.elementor-widget-text-editor.elementor-drop-cap-view-stacked .elementor-drop-cap{background-color:#69727d;color:#fff}.elementor-widget-text-editor.elementor-drop-cap-view-framed .elementor-drop-cap{color:#69727d;border:3px solid;background-color:transparent}.elementor-widget-text-editor:not(.elementor-drop-cap-view-default) .elementor-drop-cap{margin-top:8px}.elementor-widget-text-editor:not(.elementor-drop-cap-view-default) .elementor-drop-cap-letter{width:1em;height:1em}.elementor-widget-text-editor .elementor-drop-cap{float:left;text-align:center;line-height:1;font-size:50px}.elementor-widget-text-editor .elementor-drop-cap-letter{display:inline-block}<\/style>\t\t\t\t<p class=\"p1\">K\u0159i\u017e\u00edkova 213\/44, Karl\u00edn, 186 00 Prague 8<\/p>\n\t\t\t\t\t\t<\/div>\n\t\t\t\t<\/div>\n\t\t\t\t<div class=\"elementor-element elementor-element-c851c09 elementor-widget elementor-widget-text-editor\" data-id=\"c851c09\" data-element_type=\"widget\" data-widget_type=\"text-editor.default\">\n\t\t\t\t<div class=\"elementor-widget-container\">\n\t\t\t\t\t\t\t<p>ID No.: 282 63 456<br \/>VAT No.: CZ28263456<\/p>\n\t\t\t\t\t\t<\/div>\n\t\t\t\t<\/div>\n\t\t\t\t\t<\/div>\n\t\t<\/div>\n\t\t\t\t<div class=\"elementor-column elementor-col-50 elementor-top-column elementor-element elementor-element-b61785b\" data-id=\"b61785b\" data-element_type=\"column\">\n\t\t\t<div class=\"elementor-widget-wrap elementor-element-populated\">\n\t\t\t\t\t\t<div class=\"elementor-element elementor-element-b0b988f elementor-widget elementor-widget-eael-google-map\" data-id=\"b0b988f\" data-element_type=\"widget\" data-widget_type=\"eael-google-map.default\">\n\t\t\t\t<div class=\"elementor-widget-container\">\n\t\t\t\n\t\t\t\t\t<div class=\"eael-google-map eael-google-map-marker\" id=\"eael-google-map-b0b988f\" data-id=\"b0b988f\" data-map-center-lat=\"\" data-map-center-lng=\"\" data-map_type=\"marker\" data-map_lat=\"28.948790\" data-map_lng=\"-81.298843\" data-map_basic_marker_icon_enable=\"yes\" data-map_basic_marker_icon_width=\"32\" data-map_basic_marker_icon_height=\"32\" data-map_zoom=\"14\" data-map_markers=\"%5B%7B%22eael_google_map_marker_title%22%3A%22K%5Cu0159i%5Cu017e%5Cu00edkova+44%2C+Prague+8%22%2C%22_id%22%3A%2261f20b8%22%2C%22eael_google_map_marker_lat%22%3A%2250.0923183%22%2C%22eael_google_map_marker_lng%22%3A%2214.4530381%22%2C%22eael_google_map_marker_content%22%3A%22K%5Cu0159i%5Cu017e%5Cu00edkova+44%2C+Prague+8%22%2C%22eael_google_map_marker_icon_enable%22%3A%22yes%22%2C%22eael_google_map_marker_icon%22%3A%7B%22url%22%3A%22https%3A%5C%2F%5C%2Fwww.bdcg.cz%5C%2Fwp-content%5C%2Fuploads%5C%2F2023%5C%2F06%5C%2Fpin.svg%22%2C%22id%22%3A6854%2C%22size%22%3A%22%22%2C%22alt%22%3A%22%22%2C%22source%22%3A%22library%22%7D%2C%22eael_google_map_marker_icon_width%22%3A42%2C%22eael_google_map_marker_icon_height%22%3A42%2C%22index%22%3A0%2C%22eael_google_map_marker_icon_color%22%3A%22%23e23a47%22%7D%5D\" data-map_static_width=\"610\" data-map_static_height=\"300\" data-map_polylines=\"null\" data-map_stroke_color=\"#e23a47\" data-map_stroke_opacity=\"0.8\" data-map_stroke_weight=\"4\" data-map_stroke_fill_color=\"#e23a47\" data-map_stroke_fill_opacity=\"0.4\" data-map_theme=\"%22%5B%5Cn++%7B%5Cn++++%5C%22elementType%5C%22%3A+%5C%22geometry%5C%22%2C%5Cn++++%5C%22stylers%5C%22%3A+%5B%5Cn++++++%7B%5Cn++++++++%5C%22color%5C%22%3A+%5C%22%23212121%5C%22%5Cn++++++%7D%5Cn++++%5D%5Cn++%7D%2C%5Cn++%7B%5Cn++++%5C%22elementType%5C%22%3A+%5C%22labels.icon%5C%22%2C%5Cn++++%5C%22stylers%5C%22%3A+%5B%5Cn++++++%7B%5Cn++++++++%5C%22visibility%5C%22%3A+%5C%22off%5C%22%5Cn++++++%7D%5Cn++++%5D%5Cn++%7D%2C%5Cn++%7B%5Cn++++%5C%22elementType%5C%22%3A+%5C%22labels.text.fill%5C%22%2C%5Cn++++%5C%22stylers%5C%22%3A+%5B%5Cn++++++%7B%5Cn++++++++%5C%22color%5C%22%3A+%5C%22%23757575%5C%22%5Cn++++++%7D%5Cn++++%5D%5Cn++%7D%2C%5Cn++%7B%5Cn++++%5C%22elementType%5C%22%3A+%5C%22labels.text.stroke%5C%22%2C%5Cn++++%5C%22stylers%5C%22%3A+%5B%5Cn++++++%7B%5Cn++++++++%5C%22color%5C%22%3A+%5C%22%23212121%5C%22%5Cn++++++%7D%5Cn++++%5D%5Cn++%7D%2C%5Cn++%7B%5Cn++++%5C%22featureType%5C%22%3A+%5C%22administrative%5C%22%2C%5Cn++++%5C%22elementType%5C%22%3A+%5C%22geometry%5C%22%2C%5Cn++++%5C%22stylers%5C%22%3A+%5B%5Cn++++++%7B%5Cn++++++++%5C%22color%5C%22%3A+%5C%22%23757575%5C%22%5Cn++++++%7D%5Cn++++%5D%5Cn++%7D%2C%5Cn++%7B%5Cn++++%5C%22featureType%5C%22%3A+%5C%22administrative.country%5C%22%2C%5Cn++++%5C%22elementType%5C%22%3A+%5C%22labels.text.fill%5C%22%2C%5Cn++++%5C%22stylers%5C%22%3A+%5B%5Cn++++++%7B%5Cn++++++++%5C%22color%5C%22%3A+%5C%22%239e9e9e%5C%22%5Cn++++++%7D%5Cn++++%5D%5Cn++%7D%2C%5Cn++%7B%5Cn++++%5C%22featureType%5C%22%3A+%5C%22administrative.land_parcel%5C%22%2C%5Cn++++%5C%22stylers%5C%22%3A+%5B%5Cn++++++%7B%5Cn++++++++%5C%22visibility%5C%22%3A+%5C%22off%5C%22%5Cn++++++%7D%5Cn++++%5D%5Cn++%7D%2C%5Cn++%7B%5Cn++++%5C%22featureType%5C%22%3A+%5C%22administrative.locality%5C%22%2C%5Cn++++%5C%22elementType%5C%22%3A+%5C%22labels.text.fill%5C%22%2C%5Cn++++%5C%22stylers%5C%22%3A+%5B%5Cn++++++%7B%5Cn++++++++%5C%22color%5C%22%3A+%5C%22%23bdbdbd%5C%22%5Cn++++++%7D%5Cn++++%5D%5Cn++%7D%2C%5Cn++%7B%5Cn++++%5C%22featureType%5C%22%3A+%5C%22poi%5C%22%2C%5Cn++++%5C%22elementType%5C%22%3A+%5C%22labels.text.fill%5C%22%2C%5Cn++++%5C%22stylers%5C%22%3A+%5B%5Cn++++++%7B%5Cn++++++++%5C%22color%5C%22%3A+%5C%22%23757575%5C%22%5Cn++++++%7D%5Cn++++%5D%5Cn++%7D%2C%5Cn++%7B%5Cn++++%5C%22featureType%5C%22%3A+%5C%22poi.park%5C%22%2C%5Cn++++%5C%22elementType%5C%22%3A+%5C%22geometry%5C%22%2C%5Cn++++%5C%22stylers%5C%22%3A+%5B%5Cn++++++%7B%5Cn++++++++%5C%22color%5C%22%3A+%5C%22%23181818%5C%22%5Cn++++++%7D%5Cn++++%5D%5Cn++%7D%2C%5Cn++%7B%5Cn++++%5C%22featureType%5C%22%3A+%5C%22poi.park%5C%22%2C%5Cn++++%5C%22elementType%5C%22%3A+%5C%22labels.text.fill%5C%22%2C%5Cn++++%5C%22stylers%5C%22%3A+%5B%5Cn++++++%7B%5Cn++++++++%5C%22color%5C%22%3A+%5C%22%23616161%5C%22%5Cn++++++%7D%5Cn++++%5D%5Cn++%7D%2C%5Cn++%7B%5Cn++++%5C%22featureType%5C%22%3A+%5C%22poi.park%5C%22%2C%5Cn++++%5C%22elementType%5C%22%3A+%5C%22labels.text.stroke%5C%22%2C%5Cn++++%5C%22stylers%5C%22%3A+%5B%5Cn++++++%7B%5Cn++++++++%5C%22color%5C%22%3A+%5C%22%231b1b1b%5C%22%5Cn++++++%7D%5Cn++++%5D%5Cn++%7D%2C%5Cn++%7B%5Cn++++%5C%22featureType%5C%22%3A+%5C%22road%5C%22%2C%5Cn++++%5C%22elementType%5C%22%3A+%5C%22geometry.fill%5C%22%2C%5Cn++++%5C%22stylers%5C%22%3A+%5B%5Cn++++++%7B%5Cn++++++++%5C%22color%5C%22%3A+%5C%22%232c2c2c%5C%22%5Cn++++++%7D%5Cn++++%5D%5Cn++%7D%2C%5Cn++%7B%5Cn++++%5C%22featureType%5C%22%3A+%5C%22road%5C%22%2C%5Cn++++%5C%22elementType%5C%22%3A+%5C%22labels.text.fill%5C%22%2C%5Cn++++%5C%22stylers%5C%22%3A+%5B%5Cn++++++%7B%5Cn++++++++%5C%22color%5C%22%3A+%5C%22%238a8a8a%5C%22%5Cn++++++%7D%5Cn++++%5D%5Cn++%7D%2C%5Cn++%7B%5Cn++++%5C%22featureType%5C%22%3A+%5C%22road.arterial%5C%22%2C%5Cn++++%5C%22elementType%5C%22%3A+%5C%22geometry%5C%22%2C%5Cn++++%5C%22stylers%5C%22%3A+%5B%5Cn++++++%7B%5Cn++++++++%5C%22color%5C%22%3A+%5C%22%23373737%5C%22%5Cn++++++%7D%5Cn++++%5D%5Cn++%7D%2C%5Cn++%7B%5Cn++++%5C%22featureType%5C%22%3A+%5C%22road.highway%5C%22%2C%5Cn++++%5C%22elementType%5C%22%3A+%5C%22geometry%5C%22%2C%5Cn++++%5C%22stylers%5C%22%3A+%5B%5Cn++++++%7B%5Cn++++++++%5C%22color%5C%22%3A+%5C%22%233c3c3c%5C%22%5Cn++++++%7D%5Cn++++%5D%5Cn++%7D%2C%5Cn++%7B%5Cn++++%5C%22featureType%5C%22%3A+%5C%22road.highway.controlled_access%5C%22%2C%5Cn++++%5C%22elementType%5C%22%3A+%5C%22geometry%5C%22%2C%5Cn++++%5C%22stylers%5C%22%3A+%5B%5Cn++++++%7B%5Cn++++++++%5C%22color%5C%22%3A+%5C%22%234e4e4e%5C%22%5Cn++++++%7D%5Cn++++%5D%5Cn++%7D%2C%5Cn++%7B%5Cn++++%5C%22featureType%5C%22%3A+%5C%22road.local%5C%22%2C%5Cn++++%5C%22elementType%5C%22%3A+%5C%22labels.text.fill%5C%22%2C%5Cn++++%5C%22stylers%5C%22%3A+%5B%5Cn++++++%7B%5Cn++++++++%5C%22color%5C%22%3A+%5C%22%23616161%5C%22%5Cn++++++%7D%5Cn++++%5D%5Cn++%7D%2C%5Cn++%7B%5Cn++++%5C%22featureType%5C%22%3A+%5C%22transit%5C%22%2C%5Cn++++%5C%22elementType%5C%22%3A+%5C%22labels.text.fill%5C%22%2C%5Cn++++%5C%22stylers%5C%22%3A+%5B%5Cn++++++%7B%5Cn++++++++%5C%22color%5C%22%3A+%5C%22%23757575%5C%22%5Cn++++++%7D%5Cn++++%5D%5Cn++%7D%2C%5Cn++%7B%5Cn++++%5C%22featureType%5C%22%3A+%5C%22water%5C%22%2C%5Cn++++%5C%22elementType%5C%22%3A+%5C%22geometry%5C%22%2C%5Cn++++%5C%22stylers%5C%22%3A+%5B%5Cn++++++%7B%5Cn++++++++%5C%22color%5C%22%3A+%5C%22%23000000%5C%22%5Cn++++++%7D%5Cn++++%5D%5Cn++%7D%2C%5Cn++%7B%5Cn++++%5C%22featureType%5C%22%3A+%5C%22water%5C%22%2C%5Cn++++%5C%22elementType%5C%22%3A+%5C%22labels.text.fill%5C%22%2C%5Cn++++%5C%22stylers%5C%22%3A+%5B%5Cn++++++%7B%5Cn++++++++%5C%22color%5C%22%3A+%5C%22%233d3d3d%5C%22%5Cn++++++%7D%5Cn++++%5D%5Cn++%7D%5Cn%5D%22\" data-map_streeview_control=\"true\" data-map_type_control=\"true\" data-map_zoom_control=\"true\" data-map_fullscreen_control=\"true\" data-map_scroll_zoom=\"true\"><\/div>\n\t\t\t\t<div class=\"google-map-notice\"><\/div>\n\t\t<\/div>\n\t\t\t\t<\/div>\n\t\t\t\t\t<\/div>\n\t\t<\/div>\n\t\t\t\t\t<\/div>\n\t\t<\/section>\n\t\t\t\t<section class=\"elementor-section elementor-top-section elementor-element elementor-element-e102700 elementor-section-stretched elementor-section-content-middle elementor-hidden-desktop elementor-hidden-tablet elementor-hidden-mobile elementor-section-boxed elementor-section-height-default elementor-section-height-default\" data-id=\"e102700\" data-element_type=\"section\" data-settings=\"{&quot;stretch_section&quot;:&quot;section-stretched&quot;,&quot;background_background&quot;:&quot;classic&quot;}\">\n\t\t\t\t\t\t<div class=\"elementor-container elementor-column-gap-extended\">\n\t\t\t\t\t<div class=\"elementor-column elementor-col-100 elementor-top-column elementor-element elementor-element-f0d7ec4 elementor-invisible\" data-id=\"f0d7ec4\" data-element_type=\"column\" data-settings=\"{&quot;background_background&quot;:&quot;classic&quot;,&quot;animation&quot;:&quot;scale&quot;,&quot;animation_delay&quot;:200}\">\n\t\t\t<div class=\"elementor-widget-wrap elementor-element-populated\">\n\t\t\t\t\t\t<div class=\"elementor-element elementor-element-a948eb7 elementor-widget elementor-widget-shortcode\" data-id=\"a948eb7\" data-element_type=\"widget\" data-widget_type=\"shortcode.default\">\n\t\t\t\t<div class=\"elementor-widget-container\">\n\t\t\t\t\t<div class=\"elementor-shortcode\">\n<div class=\"wpcf7 no-js\" id=\"wpcf7-f5309-o1\" lang=\"en-US\" dir=\"ltr\" data-wpcf7-id=\"5309\">\n<div class=\"screen-reader-response\"><p role=\"status\" aria-live=\"polite\" aria-atomic=\"true\"><\/p> <ul><\/ul><\/div>\n<form action=\"\/en\/wp-json\/wp\/v2\/pages\/7660#wpcf7-f5309-o1\" method=\"post\" class=\"wpcf7-form init\" aria-label=\"Contact form\" novalidate=\"novalidate\" data-status=\"init\">\n<fieldset class=\"hidden-fields-container\"><input type=\"hidden\" name=\"_wpcf7\" value=\"5309\" \/><input type=\"hidden\" name=\"_wpcf7_version\" value=\"6.1.5\" \/><input type=\"hidden\" name=\"_wpcf7_locale\" value=\"en_US\" \/><input type=\"hidden\" name=\"_wpcf7_unit_tag\" value=\"wpcf7-f5309-o1\" \/><input type=\"hidden\" name=\"_wpcf7_container_post\" value=\"0\" \/><input type=\"hidden\" name=\"_wpcf7_posted_data_hash\" value=\"\" \/>\n<\/fieldset>\n<div class=\"get-touch\">\n\t<div class=\"mb-4\">\n\t\t<h3 class=\"title fs-20\">M\u00e1te dotaz? Napi\u0161te n\u00e1m!\n\t\t<\/h3>\n\t<\/div>\n\t<div class=\"row\">\n\t\t<div class=\"col-12 col-sm-12\">\n\t\t\t<p><label>Jm\u00e9no<\/label><br \/>\n<span class=\"wpcf7-form-control-wrap\" data-name=\"first-name\"><input size=\"40\" maxlength=\"400\" class=\"wpcf7-form-control wpcf7-text form-control\" aria-invalid=\"false\" placeholder=\"Zadejte Va\u0161e jm\u00e9no\" value=\"\" type=\"text\" name=\"first-name\" \/><\/span>\n\t\t\t<\/p>\n\t\t<\/div>\n\t\t<div class=\"col-12 col-sm-12\">\n\t\t\t<p><label>P\u0159\u00edjmen\u00ed<\/label><br \/>\n<span class=\"wpcf7-form-control-wrap\" data-name=\"last-name\"><input size=\"40\" maxlength=\"400\" class=\"wpcf7-form-control wpcf7-text form-control\" aria-invalid=\"false\" placeholder=\"Zadejte Va\u0161e p\u0159\u00edjmen\u00ed\" value=\"\" type=\"text\" name=\"last-name\" \/><\/span>\n\t\t\t<\/p>\n\t\t<\/div>\n\t<\/div>\n\t<p><label>Telefon<\/label><span class=\"wpcf7-form-control-wrap\" data-name=\"your-phone\"><input size=\"40\" maxlength=\"400\" class=\"wpcf7-form-control wpcf7-tel wpcf7-validates-as-required wpcf7-text wpcf7-validates-as-tel form-control\" aria-required=\"true\" aria-invalid=\"false\" placeholder=\"Va\u0161e telefonn\u00ed \u010d\u00edslo\" value=\"\" type=\"tel\" name=\"your-phone\" \/><\/span><label>E-mail<\/label><span class=\"wpcf7-form-control-wrap\" data-name=\"your-email\"><input size=\"40\" maxlength=\"400\" class=\"wpcf7-form-control wpcf7-email wpcf7-validates-as-required wpcf7-text wpcf7-validates-as-email form-control\" aria-required=\"true\" aria-invalid=\"false\" placeholder=\"V\u00e1\u0161 e-mail\" value=\"\" type=\"email\" name=\"your-email\" \/><\/span><label>Dotaz<\/label><span class=\"wpcf7-form-control-wrap\" data-name=\"your-message\"><textarea cols=\"40\" rows=\"10\" maxlength=\"2000\" class=\"wpcf7-form-control wpcf7-textarea form-control\" aria-invalid=\"false\" placeholder=\"V\u00e1\u0161 dotaz\" name=\"your-message\"><\/textarea><\/span>\n\t<\/p>\n\t<p id=\"formularinfo\">Tato str\u00e1nka je chr\u00e1n\u011bna pomoc\u00ed reCAPTCHA a plat\u00ed na ni <a href=\"https:\/\/policies.google.com\/privacy\" target=\"_blank\" rel=\"noopener\">z\u00e1sady ochrany osobn\u00edch \u00fadaj\u016f<\/a> a <a href=\"https:\/\/policies.google.com\/terms\" target=\"_blank\" rel=\"noopener\">podm\u00ednky slu\u017eby Google<\/a>.\n\t<\/p>\n\t<p>Odesl\u00e1n\u00edm zpr\u00e1vy beru na v\u011bdom\u00ed <a href=\"\/ochrana-osobnich-udaju\/\">zpracov\u00e1n\u00ed osobn\u00edch \u00fadaj\u016f<\/a>.\n\t<\/p>\n\t<p><button class=\"btn btn-theme btn-inverse w-100\" type=\"submit\">Odeslat<\/button>\n\t<\/p>\n<\/div><div class=\"wpcf7-response-output\" aria-hidden=\"true\"><\/div>\n<\/form>\n<\/div>\n<\/div>\n\t\t\t\t<\/div>\n\t\t\t\t<\/div>\n\t\t\t\t\t<\/div>\n\t\t<\/div>\n\t\t\t\t\t<\/div>\n\t\t<\/section>\n\t\t\t\t<\/div>\n\t\t","protected":false},"excerpt":{"rendered":"<p>+420 224 815 137 info@bdcg.cz BDCG, a.s. K\u0159i\u017e\u00edkova 213\/44, Karl\u00edn, 186 00 Prague 8 ID No.: 282 63 456VAT No.: CZ28263456<\/p>\n","protected":false},"author":1,"featured_media":0,"parent":0,"menu_order":0,"comment_status":"closed","ping_status":"closed","template":"","meta":{"inline_featured_image":false,"footnotes":""},"class_list":["post-7660","page","type-page","status-publish","hentry"],"aioseo_notices":[],"_links":{"self":[{"href":"https:\/\/www.bdcg.cz\/en\/wp-json\/wp\/v2\/pages\/7660","targetHints":{"allow":["GET"]}}],"collection":[{"href":"https:\/\/www.bdcg.cz\/en\/wp-json\/wp\/v2\/pages"}],"about":[{"href":"https:\/\/www.bdcg.cz\/en\/wp-json\/wp\/v2\/types\/page"}],"author":[{"embeddable":true,"href":"https:\/\/www.bdcg.cz\/en\/wp-json\/wp\/v2\/users\/1"}],"replies":[{"embeddable":true,"href":"https:\/\/www.bdcg.cz\/en\/wp-json\/wp\/v2\/comments?post=7660"}],"version-history":[{"count":0,"href":"https:\/\/www.bdcg.cz\/en\/wp-json\/wp\/v2\/pages\/7660\/revisions"}],"wp:attachment":[{"href":"https:\/\/www.bdcg.cz\/en\/wp-json\/wp\/v2\/media?parent=7660"}],"curies":[{"name":"wp","href":"https:\/\/api.w.org\/{rel}","templated":true}]}}